{"id":7259,"date":"2024-04-12T16:30:47","date_gmt":"2024-04-12T14:30:47","guid":{"rendered":"https:\/\/v-web.fr\/wowev2\/?post_type=product&#038;p=7259"},"modified":"2024-11-20T11:41:22","modified_gmt":"2024-11-20T10:41:22","slug":"w-applique-4-bras","status":"publish","type":"product","link":"https:\/\/woandwe.com\/en\/product\/w-4-arm-wall-lamp\/","title":{"rendered":"W 4-ARM WALL LAMP"},"content":{"rendered":"<p class=\"h4collec\"><span style=\"font-size: 1rem;\">2 swing articulated arms of 115 and 135 cm max<br \/>\nBakelite switch brass socket on 360\u00b0 brass swivel<br \/>\nE27 6W LED bulb (not included)<\/span><\/p>","protected":false},"excerpt":{"rendered":"<p>2 pivoting articulated arms of 115 and 135 cm max Brass socket Bakelite switch on 360\u00b0 brass ball joint E27 6W LED bulb (not supplied)<\/p>","protected":false},"featured_media":13333,"template":"","meta":[],"product_brand":[],"product_cat":[20,22,45,26,23,100],"product_tag":[],"class_list":{"0":"post-7259","1":"product","2":"type-product","3":"status-publish","4":"has-post-thumbnail","6":"product_cat-applique","7":"product_cat-articule","8":"product_cat-double","9":"product_cat-grand","10":"product_cat-pivotant","11":"product_cat-w","12":"product_shipping_class-colis4","14":"first","15":"instock","16":"taxable","17":"shipping-taxable","18":"purchasable","19":"product-type-variable"},"yoast_head":"<!-- This site is optimized with the Yoast SEO plugin v27.4 - https:\/\/yoast.com\/product\/yoast-seo-wordpress\/ -->\n<title>W APPLIQUE 4 BRAS - FABRIQU\u00c9 EN FRANCE - WO&amp;W\u00c9<\/title>\n<meta name=\"description\" content=\"W applique 4 bras, acier patin\u00e9 noir, douilles acier ou laiton, abat-jour personnalisable. Fabriqu\u00e9 dans nos ateliers \u00e0 Villeurbanne.\" \/>\n<meta name=\"robots\" content=\"index, follow, max-snippet:-1, max-image-preview:large, max-video-preview:-1\" \/>\n<link rel=\"canonical\" href=\"https:\/\/woandwe.com\/en\/product\/w-4-arm-wall-lamp\/\" \/>\n<meta property=\"og:locale\" content=\"en_US\" \/>\n<meta property=\"og:type\" content=\"article\" \/>\n<meta property=\"og:title\" content=\"W APPLIQUE 4 BRAS - FABRIQU\u00c9 EN FRANCE - WO&amp;W\u00c9\" \/>\n<meta property=\"og:description\" content=\"W applique 4 bras, acier patin\u00e9 noir, douilles acier ou laiton, abat-jour personnalisable. Fabriqu\u00e9 dans nos ateliers \u00e0 Villeurbanne.\" \/>\n<meta property=\"og:url\" content=\"https:\/\/woandwe.com\/en\/product\/w-4-arm-wall-lamp\/\" \/>\n<meta property=\"og:site_name\" content=\"WO&amp;W\u00c9\" \/>\n<meta property=\"article:modified_time\" content=\"2024-11-20T10:41:22+00:00\" \/>\n<meta property=\"og:image\" content=\"https:\/\/woandwe.com\/wp-content\/uploads\/2024\/04\/5ceI7YJaXikMfu0UDH2RIMG_2026-2.jpg\" \/>\n\t<meta property=\"og:image:width\" content=\"2268\" \/>\n\t<meta property=\"og:image:height\" content=\"2172\" \/>\n\t<meta property=\"og:image:type\" content=\"image\/jpeg\" \/>\n<meta name=\"twitter:card\" content=\"summary_large_image\" \/>\n<meta name=\"twitter:label1\" content=\"Est. reading time\" \/>\n\t<meta name=\"twitter:data1\" content=\"1 minute\" \/>\n<script type=\"application\/ld+json\" class=\"yoast-schema-graph\">{\"@context\":\"https:\\\/\\\/schema.org\",\"@graph\":[{\"@type\":\"WebPage\",\"@id\":\"https:\\\/\\\/woandwe.com\\\/produit\\\/w-applique-4-bras\\\/\",\"url\":\"https:\\\/\\\/woandwe.com\\\/produit\\\/w-applique-4-bras\\\/\",\"name\":\"W APPLIQUE 4 BRAS - FABRIQU\u00c9 EN FRANCE - WO&amp;W\u00c9\",\"isPartOf\":{\"@id\":\"https:\\\/\\\/woandwe.com\\\/#website\"},\"primaryImageOfPage\":{\"@id\":\"https:\\\/\\\/woandwe.com\\\/produit\\\/w-applique-4-bras\\\/#primaryimage\"},\"image\":{\"@id\":\"https:\\\/\\\/woandwe.com\\\/produit\\\/w-applique-4-bras\\\/#primaryimage\"},\"thumbnailUrl\":\"https:\\\/\\\/woandwe.com\\\/wp-content\\\/uploads\\\/2024\\\/04\\\/5ceI7YJaXikMfu0UDH2RIMG_2026-2.jpg\",\"datePublished\":\"2024-04-12T14:30:47+00:00\",\"dateModified\":\"2024-11-20T10:41:22+00:00\",\"description\":\"W applique 4 bras, acier patin\u00e9 noir, douilles acier ou laiton, abat-jour personnalisable. Fabriqu\u00e9 dans nos ateliers \u00e0 Villeurbanne.\",\"breadcrumb\":{\"@id\":\"https:\\\/\\\/woandwe.com\\\/produit\\\/w-applique-4-bras\\\/#breadcrumb\"},\"inLanguage\":\"en-US\",\"potentialAction\":[{\"@type\":\"ReadAction\",\"target\":[\"https:\\\/\\\/woandwe.com\\\/produit\\\/w-applique-4-bras\\\/\"]}]},{\"@type\":\"ImageObject\",\"inLanguage\":\"en-US\",\"@id\":\"https:\\\/\\\/woandwe.com\\\/produit\\\/w-applique-4-bras\\\/#primaryimage\",\"url\":\"https:\\\/\\\/woandwe.com\\\/wp-content\\\/uploads\\\/2024\\\/04\\\/5ceI7YJaXikMfu0UDH2RIMG_2026-2.jpg\",\"contentUrl\":\"https:\\\/\\\/woandwe.com\\\/wp-content\\\/uploads\\\/2024\\\/04\\\/5ceI7YJaXikMfu0UDH2RIMG_2026-2.jpg\",\"width\":2268,\"height\":2172},{\"@type\":\"BreadcrumbList\",\"@id\":\"https:\\\/\\\/woandwe.com\\\/produit\\\/w-applique-4-bras\\\/#breadcrumb\",\"itemListElement\":[{\"@type\":\"ListItem\",\"position\":1,\"name\":\"Accueil\",\"item\":\"https:\\\/\\\/woandwe.com\\\/\"},{\"@type\":\"ListItem\",\"position\":2,\"name\":\"Boutique\",\"item\":\"https:\\\/\\\/woandwe.com\\\/boutique\\\/\"},{\"@type\":\"ListItem\",\"position\":3,\"name\":\"W APPLIQUE 4 BRAS\"}]},{\"@type\":\"WebSite\",\"@id\":\"https:\\\/\\\/woandwe.com\\\/#website\",\"url\":\"https:\\\/\\\/woandwe.com\\\/\",\"name\":\"WO&amp;W\u00c9\",\"description\":\"Design Wall Lamp\",\"potentialAction\":[{\"@type\":\"SearchAction\",\"target\":{\"@type\":\"EntryPoint\",\"urlTemplate\":\"https:\\\/\\\/woandwe.com\\\/?s={search_term_string}\"},\"query-input\":{\"@type\":\"PropertyValueSpecification\",\"valueRequired\":true,\"valueName\":\"search_term_string\"}}],\"inLanguage\":\"en-US\"}]}<\/script>\n<!-- \/ Yoast SEO plugin. -->","yoast_head_json":{"title":"W APPLIQUE 4 BRAS - FABRIQU\u00c9 EN FRANCE - WO&amp;W\u00c9","description":"W applique 4 bras, acier patin\u00e9 noir, douilles acier ou laiton, abat-jour personnalisable. Fabriqu\u00e9 dans nos ateliers \u00e0 Villeurbanne.","robots":{"index":"index","follow":"follow","max-snippet":"max-snippet:-1","max-image-preview":"max-image-preview:large","max-video-preview":"max-video-preview:-1"},"canonical":"https:\/\/woandwe.com\/en\/product\/w-4-arm-wall-lamp\/","og_locale":"en_US","og_type":"article","og_title":"W APPLIQUE 4 BRAS - FABRIQU\u00c9 EN FRANCE - WO&amp;W\u00c9","og_description":"W applique 4 bras, acier patin\u00e9 noir, douilles acier ou laiton, abat-jour personnalisable. Fabriqu\u00e9 dans nos ateliers \u00e0 Villeurbanne.","og_url":"https:\/\/woandwe.com\/en\/product\/w-4-arm-wall-lamp\/","og_site_name":"WO&amp;W\u00c9","article_modified_time":"2024-11-20T10:41:22+00:00","og_image":[{"width":2268,"height":2172,"url":"https:\/\/woandwe.com\/wp-content\/uploads\/2024\/04\/5ceI7YJaXikMfu0UDH2RIMG_2026-2.jpg","type":"image\/jpeg"}],"twitter_card":"summary_large_image","twitter_misc":{"Est. reading time":"1 minute"},"schema":{"@context":"https:\/\/schema.org","@graph":[{"@type":"WebPage","@id":"https:\/\/woandwe.com\/produit\/w-applique-4-bras\/","url":"https:\/\/woandwe.com\/produit\/w-applique-4-bras\/","name":"W APPLIQUE 4 BRAS - FABRIQU\u00c9 EN FRANCE - WO&amp;W\u00c9","isPartOf":{"@id":"https:\/\/woandwe.com\/#website"},"primaryImageOfPage":{"@id":"https:\/\/woandwe.com\/produit\/w-applique-4-bras\/#primaryimage"},"image":{"@id":"https:\/\/woandwe.com\/produit\/w-applique-4-bras\/#primaryimage"},"thumbnailUrl":"https:\/\/woandwe.com\/wp-content\/uploads\/2024\/04\/5ceI7YJaXikMfu0UDH2RIMG_2026-2.jpg","datePublished":"2024-04-12T14:30:47+00:00","dateModified":"2024-11-20T10:41:22+00:00","description":"W applique 4 bras, acier patin\u00e9 noir, douilles acier ou laiton, abat-jour personnalisable. Fabriqu\u00e9 dans nos ateliers \u00e0 Villeurbanne.","breadcrumb":{"@id":"https:\/\/woandwe.com\/produit\/w-applique-4-bras\/#breadcrumb"},"inLanguage":"en-US","potentialAction":[{"@type":"ReadAction","target":["https:\/\/woandwe.com\/produit\/w-applique-4-bras\/"]}]},{"@type":"ImageObject","inLanguage":"en-US","@id":"https:\/\/woandwe.com\/produit\/w-applique-4-bras\/#primaryimage","url":"https:\/\/woandwe.com\/wp-content\/uploads\/2024\/04\/5ceI7YJaXikMfu0UDH2RIMG_2026-2.jpg","contentUrl":"https:\/\/woandwe.com\/wp-content\/uploads\/2024\/04\/5ceI7YJaXikMfu0UDH2RIMG_2026-2.jpg","width":2268,"height":2172},{"@type":"BreadcrumbList","@id":"https:\/\/woandwe.com\/produit\/w-applique-4-bras\/#breadcrumb","itemListElement":[{"@type":"ListItem","position":1,"name":"Accueil","item":"https:\/\/woandwe.com\/"},{"@type":"ListItem","position":2,"name":"Boutique","item":"https:\/\/woandwe.com\/boutique\/"},{"@type":"ListItem","position":3,"name":"W APPLIQUE 4 BRAS"}]},{"@type":"WebSite","@id":"https:\/\/woandwe.com\/#website","url":"https:\/\/woandwe.com\/","name":"WO&amp;W\u00c9","description":"Design Wall Lamp","potentialAction":[{"@type":"SearchAction","target":{"@type":"EntryPoint","urlTemplate":"https:\/\/woandwe.com\/?s={search_term_string}"},"query-input":{"@type":"PropertyValueSpecification","valueRequired":true,"valueName":"search_term_string"}}],"inLanguage":"en-US"}]}},"_links":{"self":[{"href":"https:\/\/woandwe.com\/en\/wp-json\/wp\/v2\/product\/7259","targetHints":{"allow":["GET"]}}],"collection":[{"href":"https:\/\/woandwe.com\/en\/wp-json\/wp\/v2\/product"}],"about":[{"href":"https:\/\/woandwe.com\/en\/wp-json\/wp\/v2\/types\/product"}],"wp:featuredmedia":[{"embeddable":true,"href":"https:\/\/woandwe.com\/en\/wp-json\/wp\/v2\/media\/13333"}],"wp:attachment":[{"href":"https:\/\/woandwe.com\/en\/wp-json\/wp\/v2\/media?parent=7259"}],"wp:term":[{"taxonomy":"product_brand","embeddable":true,"href":"https:\/\/woandwe.com\/en\/wp-json\/wp\/v2\/product_brand?post=7259"},{"taxonomy":"product_cat","embeddable":true,"href":"https:\/\/woandwe.com\/en\/wp-json\/wp\/v2\/product_cat?post=7259"},{"taxonomy":"product_tag","embeddable":true,"href":"https:\/\/woandwe.com\/en\/wp-json\/wp\/v2\/product_tag?post=7259"}],"curies":[{"name":"wp","href":"https:\/\/api.w.org\/{rel}","templated":true}]}}