{"id":441,"date":"2024-04-12T10:45:47","date_gmt":"2024-04-12T08:45:47","guid":{"rendered":"https:\/\/v-web.fr\/wowev2\/?post_type=product&#038;p=441"},"modified":"2025-04-17T15:19:24","modified_gmt":"2025-04-17T13:19:24","slug":"auguste-plafonnier-triple","status":"publish","type":"product","link":"https:\/\/woandwe.com\/en\/product\/auguste-3-light-ceiling\/","title":{"rendered":"AUGUSTE 3-LIGHT CEILING"},"content":{"rendered":"<p class=\"h4collec\"><span style=\"font-size: 1rem;\">Bakelite switch brass socket on 360\u00b0 brass swivel<br \/>\nE27 6W LED bulb (not included)<\/span><\/p>","protected":false},"excerpt":{"rendered":"<p>Brass socket Bakelite switch on 360\u00b0 brass ball joint E27 6W LED bulb (not supplied)<\/p>","protected":false},"featured_media":17213,"template":"","meta":[],"product_brand":[],"product_cat":[112,24,26,25,19,46,47],"product_tag":[],"class_list":{"0":"post-441","1":"product","2":"type-product","3":"status-publish","4":"has-post-thumbnail","6":"product_cat-auguste","7":"product_cat-fixe","8":"product_cat-grand","9":"product_cat-petit","10":"product_cat-plafonnier","11":"product_cat-simple","12":"product_cat-triple","13":"product_shipping_class-colis2","15":"first","16":"instock","17":"taxable","18":"shipping-taxable","19":"purchasable","20":"product-type-variable"},"yoast_head":"<!-- This site is optimized with the Yoast SEO plugin v27.4 - https:\/\/yoast.com\/product\/yoast-seo-wordpress\/ -->\n<title>AUGUSTE PLAFONNIER TRIPLE - FABRIQU\u00c9 EN FRANCE - WO&amp;W\u00c9<\/title>\n<meta name=\"description\" content=\"Auguste plafonnier triple, acier patin\u00e9 noir, douilles acier ou laiton, abat-jour personnalisable. Fabriqu\u00e9 dans nos ateliers \u00e0 Villeurbanne.\" \/>\n<meta name=\"robots\" content=\"index, follow, max-snippet:-1, max-image-preview:large, max-video-preview:-1\" \/>\n<link rel=\"canonical\" href=\"https:\/\/woandwe.com\/en\/product\/auguste-3-light-ceiling\/\" \/>\n<meta property=\"og:locale\" content=\"en_US\" \/>\n<meta property=\"og:type\" content=\"article\" \/>\n<meta property=\"og:title\" content=\"AUGUSTE PLAFONNIER TRIPLE - FABRIQU\u00c9 EN FRANCE - WO&amp;W\u00c9\" \/>\n<meta property=\"og:description\" content=\"Auguste plafonnier triple, acier patin\u00e9 noir, douilles acier ou laiton, abat-jour personnalisable. Fabriqu\u00e9 dans nos ateliers \u00e0 Villeurbanne.\" \/>\n<meta property=\"og:url\" content=\"https:\/\/woandwe.com\/en\/product\/auguste-3-light-ceiling\/\" \/>\n<meta property=\"og:site_name\" content=\"WO&amp;W\u00c9\" \/>\n<meta property=\"article:modified_time\" content=\"2025-04-17T13:19:24+00:00\" \/>\n<meta property=\"og:image\" content=\"https:\/\/woandwe.com\/wp-content\/uploads\/2024\/04\/IMG_4516_VSCO.jpeg\" \/>\n\t<meta property=\"og:image:width\" content=\"2560\" \/>\n\t<meta property=\"og:image:height\" content=\"2560\" \/>\n\t<meta property=\"og:image:type\" content=\"image\/jpeg\" \/>\n<meta name=\"twitter:card\" content=\"summary_large_image\" \/>\n<meta name=\"twitter:label1\" content=\"Est. reading time\" \/>\n\t<meta name=\"twitter:data1\" content=\"1 minute\" \/>\n<script type=\"application\/ld+json\" class=\"yoast-schema-graph\">{\"@context\":\"https:\\\/\\\/schema.org\",\"@graph\":[{\"@type\":\"WebPage\",\"@id\":\"https:\\\/\\\/woandwe.com\\\/produit\\\/auguste-plafonnier-triple\\\/\",\"url\":\"https:\\\/\\\/woandwe.com\\\/produit\\\/auguste-plafonnier-triple\\\/\",\"name\":\"AUGUSTE PLAFONNIER TRIPLE - FABRIQU\u00c9 EN FRANCE - WO&amp;W\u00c9\",\"isPartOf\":{\"@id\":\"https:\\\/\\\/woandwe.com\\\/#website\"},\"primaryImageOfPage\":{\"@id\":\"https:\\\/\\\/woandwe.com\\\/produit\\\/auguste-plafonnier-triple\\\/#primaryimage\"},\"image\":{\"@id\":\"https:\\\/\\\/woandwe.com\\\/produit\\\/auguste-plafonnier-triple\\\/#primaryimage\"},\"thumbnailUrl\":\"https:\\\/\\\/woandwe.com\\\/wp-content\\\/uploads\\\/2024\\\/04\\\/IMG_4516_VSCO.jpeg\",\"datePublished\":\"2024-04-12T08:45:47+00:00\",\"dateModified\":\"2025-04-17T13:19:24+00:00\",\"description\":\"Auguste plafonnier triple, acier patin\u00e9 noir, douilles acier ou laiton, abat-jour personnalisable. Fabriqu\u00e9 dans nos ateliers \u00e0 Villeurbanne.\",\"breadcrumb\":{\"@id\":\"https:\\\/\\\/woandwe.com\\\/produit\\\/auguste-plafonnier-triple\\\/#breadcrumb\"},\"inLanguage\":\"en-US\",\"potentialAction\":[{\"@type\":\"ReadAction\",\"target\":[\"https:\\\/\\\/woandwe.com\\\/produit\\\/auguste-plafonnier-triple\\\/\"]}]},{\"@type\":\"ImageObject\",\"inLanguage\":\"en-US\",\"@id\":\"https:\\\/\\\/woandwe.com\\\/produit\\\/auguste-plafonnier-triple\\\/#primaryimage\",\"url\":\"https:\\\/\\\/woandwe.com\\\/wp-content\\\/uploads\\\/2024\\\/04\\\/IMG_4516_VSCO.jpeg\",\"contentUrl\":\"https:\\\/\\\/woandwe.com\\\/wp-content\\\/uploads\\\/2024\\\/04\\\/IMG_4516_VSCO.jpeg\",\"width\":2560,\"height\":2560,\"caption\":\"Processed with VSCO with a3 preset\"},{\"@type\":\"BreadcrumbList\",\"@id\":\"https:\\\/\\\/woandwe.com\\\/produit\\\/auguste-plafonnier-triple\\\/#breadcrumb\",\"itemListElement\":[{\"@type\":\"ListItem\",\"position\":1,\"name\":\"Accueil\",\"item\":\"https:\\\/\\\/woandwe.com\\\/\"},{\"@type\":\"ListItem\",\"position\":2,\"name\":\"Boutique\",\"item\":\"https:\\\/\\\/woandwe.com\\\/boutique\\\/\"},{\"@type\":\"ListItem\",\"position\":3,\"name\":\"AUGUSTE PLAFONNIER TRIPLE\"}]},{\"@type\":\"WebSite\",\"@id\":\"https:\\\/\\\/woandwe.com\\\/#website\",\"url\":\"https:\\\/\\\/woandwe.com\\\/\",\"name\":\"WO&amp;W\u00c9\",\"description\":\"Design Wall Lamp\",\"potentialAction\":[{\"@type\":\"SearchAction\",\"target\":{\"@type\":\"EntryPoint\",\"urlTemplate\":\"https:\\\/\\\/woandwe.com\\\/?s={search_term_string}\"},\"query-input\":{\"@type\":\"PropertyValueSpecification\",\"valueRequired\":true,\"valueName\":\"search_term_string\"}}],\"inLanguage\":\"en-US\"}]}<\/script>\n<!-- \/ Yoast SEO plugin. -->","yoast_head_json":{"title":"AUGUSTE PLAFONNIER TRIPLE - FABRIQU\u00c9 EN FRANCE - WO&amp;W\u00c9","description":"Auguste plafonnier triple, acier patin\u00e9 noir, douilles acier ou laiton, abat-jour personnalisable. Fabriqu\u00e9 dans nos ateliers \u00e0 Villeurbanne.","robots":{"index":"index","follow":"follow","max-snippet":"max-snippet:-1","max-image-preview":"max-image-preview:large","max-video-preview":"max-video-preview:-1"},"canonical":"https:\/\/woandwe.com\/en\/product\/auguste-3-light-ceiling\/","og_locale":"en_US","og_type":"article","og_title":"AUGUSTE PLAFONNIER TRIPLE - FABRIQU\u00c9 EN FRANCE - WO&amp;W\u00c9","og_description":"Auguste plafonnier triple, acier patin\u00e9 noir, douilles acier ou laiton, abat-jour personnalisable. Fabriqu\u00e9 dans nos ateliers \u00e0 Villeurbanne.","og_url":"https:\/\/woandwe.com\/en\/product\/auguste-3-light-ceiling\/","og_site_name":"WO&amp;W\u00c9","article_modified_time":"2025-04-17T13:19:24+00:00","og_image":[{"width":2560,"height":2560,"url":"https:\/\/woandwe.com\/wp-content\/uploads\/2024\/04\/IMG_4516_VSCO.jpeg","type":"image\/jpeg"}],"twitter_card":"summary_large_image","twitter_misc":{"Est. reading time":"1 minute"},"schema":{"@context":"https:\/\/schema.org","@graph":[{"@type":"WebPage","@id":"https:\/\/woandwe.com\/produit\/auguste-plafonnier-triple\/","url":"https:\/\/woandwe.com\/produit\/auguste-plafonnier-triple\/","name":"AUGUSTE PLAFONNIER TRIPLE - FABRIQU\u00c9 EN FRANCE - WO&amp;W\u00c9","isPartOf":{"@id":"https:\/\/woandwe.com\/#website"},"primaryImageOfPage":{"@id":"https:\/\/woandwe.com\/produit\/auguste-plafonnier-triple\/#primaryimage"},"image":{"@id":"https:\/\/woandwe.com\/produit\/auguste-plafonnier-triple\/#primaryimage"},"thumbnailUrl":"https:\/\/woandwe.com\/wp-content\/uploads\/2024\/04\/IMG_4516_VSCO.jpeg","datePublished":"2024-04-12T08:45:47+00:00","dateModified":"2025-04-17T13:19:24+00:00","description":"Auguste plafonnier triple, acier patin\u00e9 noir, douilles acier ou laiton, abat-jour personnalisable. Fabriqu\u00e9 dans nos ateliers \u00e0 Villeurbanne.","breadcrumb":{"@id":"https:\/\/woandwe.com\/produit\/auguste-plafonnier-triple\/#breadcrumb"},"inLanguage":"en-US","potentialAction":[{"@type":"ReadAction","target":["https:\/\/woandwe.com\/produit\/auguste-plafonnier-triple\/"]}]},{"@type":"ImageObject","inLanguage":"en-US","@id":"https:\/\/woandwe.com\/produit\/auguste-plafonnier-triple\/#primaryimage","url":"https:\/\/woandwe.com\/wp-content\/uploads\/2024\/04\/IMG_4516_VSCO.jpeg","contentUrl":"https:\/\/woandwe.com\/wp-content\/uploads\/2024\/04\/IMG_4516_VSCO.jpeg","width":2560,"height":2560,"caption":"Processed with VSCO with a3 preset"},{"@type":"BreadcrumbList","@id":"https:\/\/woandwe.com\/produit\/auguste-plafonnier-triple\/#breadcrumb","itemListElement":[{"@type":"ListItem","position":1,"name":"Accueil","item":"https:\/\/woandwe.com\/"},{"@type":"ListItem","position":2,"name":"Boutique","item":"https:\/\/woandwe.com\/boutique\/"},{"@type":"ListItem","position":3,"name":"AUGUSTE PLAFONNIER TRIPLE"}]},{"@type":"WebSite","@id":"https:\/\/woandwe.com\/#website","url":"https:\/\/woandwe.com\/","name":"WO&amp;W\u00c9","description":"Design Wall Lamp","potentialAction":[{"@type":"SearchAction","target":{"@type":"EntryPoint","urlTemplate":"https:\/\/woandwe.com\/?s={search_term_string}"},"query-input":{"@type":"PropertyValueSpecification","valueRequired":true,"valueName":"search_term_string"}}],"inLanguage":"en-US"}]}},"_links":{"self":[{"href":"https:\/\/woandwe.com\/en\/wp-json\/wp\/v2\/product\/441","targetHints":{"allow":["GET"]}}],"collection":[{"href":"https:\/\/woandwe.com\/en\/wp-json\/wp\/v2\/product"}],"about":[{"href":"https:\/\/woandwe.com\/en\/wp-json\/wp\/v2\/types\/product"}],"wp:featuredmedia":[{"embeddable":true,"href":"https:\/\/woandwe.com\/en\/wp-json\/wp\/v2\/media\/17213"}],"wp:attachment":[{"href":"https:\/\/woandwe.com\/en\/wp-json\/wp\/v2\/media?parent=441"}],"wp:term":[{"taxonomy":"product_brand","embeddable":true,"href":"https:\/\/woandwe.com\/en\/wp-json\/wp\/v2\/product_brand?post=441"},{"taxonomy":"product_cat","embeddable":true,"href":"https:\/\/woandwe.com\/en\/wp-json\/wp\/v2\/product_cat?post=441"},{"taxonomy":"product_tag","embeddable":true,"href":"https:\/\/woandwe.com\/en\/wp-json\/wp\/v2\/product_tag?post=441"}],"curies":[{"name":"wp","href":"https:\/\/api.w.org\/{rel}","templated":true}]}}