{"id":425,"date":"2024-04-12T11:30:32","date_gmt":"2024-04-12T09:30:32","guid":{"rendered":"https:\/\/v-web.fr\/wowev2\/?post_type=product&#038;p=425"},"modified":"2024-11-20T17:28:25","modified_gmt":"2024-11-20T16:28:25","slug":"parenthese-applique-triple","status":"publish","type":"product","link":"https:\/\/woandwe.com\/en\/product\/parenthese-3-light-sconce\/","title":{"rendered":"PARENTH\u00c8SE 3-LIGHT SCONCE"},"content":{"rendered":"<p class=\"h4collec\"><span style=\"font-size: 1rem;\">Bakelite switch brass socket on 360\u00b0 brass swivel<br \/>\nE27 6W LED bulb (not included)<\/span><\/p>","protected":false},"excerpt":{"rendered":"<p>Brass socket Bakelite switch on 360\u00b0 brass ball joint E27 6W LED bulb (not supplied)<\/p>","protected":false},"featured_media":16945,"template":"","meta":[],"product_brand":[],"product_cat":[20,24,111,25,19,46,47],"product_tag":[],"class_list":{"0":"post-425","1":"product","2":"type-product","3":"status-publish","4":"has-post-thumbnail","6":"product_cat-applique","7":"product_cat-fixe","8":"product_cat-parenthese","9":"product_cat-petit","10":"product_cat-plafonnier","11":"product_cat-simple","12":"product_cat-triple","13":"product_shipping_class-colis1","15":"first","16":"instock","17":"taxable","18":"shipping-taxable","19":"purchasable","20":"product-type-variable"},"yoast_head":"<!-- This site is optimized with the Yoast SEO plugin v27.4 - https:\/\/yoast.com\/product\/yoast-seo-wordpress\/ -->\n<title>PARENTH\u00c8SE APPLIQUE TRIPLE - FABRIQU\u00c9 EN FRANCE - WO&amp;W\u00c9<\/title>\n<meta name=\"description\" content=\"Parenth\u00e8se applique triple, acier patin\u00e9 noir, douilles acier ou laiton, abat-jour personnalisable. Fabriqu\u00e9 dans nos ateliers \u00e0 Villeurbanne.\" \/>\n<meta name=\"robots\" content=\"index, follow, max-snippet:-1, max-image-preview:large, max-video-preview:-1\" \/>\n<link rel=\"canonical\" href=\"https:\/\/woandwe.com\/en\/product\/parenthese-3-light-sconce\/\" \/>\n<meta property=\"og:locale\" content=\"en_US\" \/>\n<meta property=\"og:type\" content=\"article\" \/>\n<meta property=\"og:title\" content=\"PARENTH\u00c8SE APPLIQUE TRIPLE - FABRIQU\u00c9 EN FRANCE - WO&amp;W\u00c9\" \/>\n<meta property=\"og:description\" content=\"Parenth\u00e8se applique triple, acier patin\u00e9 noir, douilles acier ou laiton, abat-jour personnalisable. Fabriqu\u00e9 dans nos ateliers \u00e0 Villeurbanne.\" \/>\n<meta property=\"og:url\" content=\"https:\/\/woandwe.com\/en\/product\/parenthese-3-light-sconce\/\" \/>\n<meta property=\"og:site_name\" content=\"WO&amp;W\u00c9\" \/>\n<meta property=\"article:modified_time\" content=\"2024-11-20T16:28:25+00:00\" \/>\n<meta property=\"og:image\" content=\"https:\/\/woandwe.com\/wp-content\/uploads\/2024\/04\/IMG_4231_VSCO.jpeg\" \/>\n\t<meta property=\"og:image:width\" content=\"2345\" \/>\n\t<meta property=\"og:image:height\" content=\"2350\" \/>\n\t<meta property=\"og:image:type\" content=\"image\/jpeg\" \/>\n<meta name=\"twitter:card\" content=\"summary_large_image\" \/>\n<meta name=\"twitter:label1\" content=\"Est. reading time\" \/>\n\t<meta name=\"twitter:data1\" content=\"1 minute\" \/>\n<script type=\"application\/ld+json\" class=\"yoast-schema-graph\">{\"@context\":\"https:\\\/\\\/schema.org\",\"@graph\":[{\"@type\":\"WebPage\",\"@id\":\"https:\\\/\\\/woandwe.com\\\/produit\\\/parenthese-applique-triple\\\/\",\"url\":\"https:\\\/\\\/woandwe.com\\\/produit\\\/parenthese-applique-triple\\\/\",\"name\":\"PARENTH\u00c8SE APPLIQUE TRIPLE - FABRIQU\u00c9 EN FRANCE - WO&amp;W\u00c9\",\"isPartOf\":{\"@id\":\"https:\\\/\\\/woandwe.com\\\/#website\"},\"primaryImageOfPage\":{\"@id\":\"https:\\\/\\\/woandwe.com\\\/produit\\\/parenthese-applique-triple\\\/#primaryimage\"},\"image\":{\"@id\":\"https:\\\/\\\/woandwe.com\\\/produit\\\/parenthese-applique-triple\\\/#primaryimage\"},\"thumbnailUrl\":\"https:\\\/\\\/woandwe.com\\\/wp-content\\\/uploads\\\/2024\\\/04\\\/IMG_4231_VSCO.jpeg\",\"datePublished\":\"2024-04-12T09:30:32+00:00\",\"dateModified\":\"2024-11-20T16:28:25+00:00\",\"description\":\"Parenth\u00e8se applique triple, acier patin\u00e9 noir, douilles acier ou laiton, abat-jour personnalisable. Fabriqu\u00e9 dans nos ateliers \u00e0 Villeurbanne.\",\"breadcrumb\":{\"@id\":\"https:\\\/\\\/woandwe.com\\\/produit\\\/parenthese-applique-triple\\\/#breadcrumb\"},\"inLanguage\":\"en-US\",\"potentialAction\":[{\"@type\":\"ReadAction\",\"target\":[\"https:\\\/\\\/woandwe.com\\\/produit\\\/parenthese-applique-triple\\\/\"]}]},{\"@type\":\"ImageObject\",\"inLanguage\":\"en-US\",\"@id\":\"https:\\\/\\\/woandwe.com\\\/produit\\\/parenthese-applique-triple\\\/#primaryimage\",\"url\":\"https:\\\/\\\/woandwe.com\\\/wp-content\\\/uploads\\\/2024\\\/04\\\/IMG_4231_VSCO.jpeg\",\"contentUrl\":\"https:\\\/\\\/woandwe.com\\\/wp-content\\\/uploads\\\/2024\\\/04\\\/IMG_4231_VSCO.jpeg\",\"width\":2345,\"height\":2350,\"caption\":\"Processed with VSCO with a3 preset\"},{\"@type\":\"BreadcrumbList\",\"@id\":\"https:\\\/\\\/woandwe.com\\\/produit\\\/parenthese-applique-triple\\\/#breadcrumb\",\"itemListElement\":[{\"@type\":\"ListItem\",\"position\":1,\"name\":\"Accueil\",\"item\":\"https:\\\/\\\/woandwe.com\\\/\"},{\"@type\":\"ListItem\",\"position\":2,\"name\":\"Boutique\",\"item\":\"https:\\\/\\\/woandwe.com\\\/boutique\\\/\"},{\"@type\":\"ListItem\",\"position\":3,\"name\":\"PARENTH\u00c8SE APPLIQUE TRIPLE\"}]},{\"@type\":\"WebSite\",\"@id\":\"https:\\\/\\\/woandwe.com\\\/#website\",\"url\":\"https:\\\/\\\/woandwe.com\\\/\",\"name\":\"WO&amp;W\u00c9\",\"description\":\"Design Wall Lamp\",\"potentialAction\":[{\"@type\":\"SearchAction\",\"target\":{\"@type\":\"EntryPoint\",\"urlTemplate\":\"https:\\\/\\\/woandwe.com\\\/?s={search_term_string}\"},\"query-input\":{\"@type\":\"PropertyValueSpecification\",\"valueRequired\":true,\"valueName\":\"search_term_string\"}}],\"inLanguage\":\"en-US\"}]}<\/script>\n<!-- \/ Yoast SEO plugin. -->","yoast_head_json":{"title":"PARENTH\u00c8SE APPLIQUE TRIPLE - FABRIQU\u00c9 EN FRANCE - WO&amp;W\u00c9","description":"Parenth\u00e8se applique triple, acier patin\u00e9 noir, douilles acier ou laiton, abat-jour personnalisable. Fabriqu\u00e9 dans nos ateliers \u00e0 Villeurbanne.","robots":{"index":"index","follow":"follow","max-snippet":"max-snippet:-1","max-image-preview":"max-image-preview:large","max-video-preview":"max-video-preview:-1"},"canonical":"https:\/\/woandwe.com\/en\/product\/parenthese-3-light-sconce\/","og_locale":"en_US","og_type":"article","og_title":"PARENTH\u00c8SE APPLIQUE TRIPLE - FABRIQU\u00c9 EN FRANCE - WO&amp;W\u00c9","og_description":"Parenth\u00e8se applique triple, acier patin\u00e9 noir, douilles acier ou laiton, abat-jour personnalisable. Fabriqu\u00e9 dans nos ateliers \u00e0 Villeurbanne.","og_url":"https:\/\/woandwe.com\/en\/product\/parenthese-3-light-sconce\/","og_site_name":"WO&amp;W\u00c9","article_modified_time":"2024-11-20T16:28:25+00:00","og_image":[{"width":2345,"height":2350,"url":"https:\/\/woandwe.com\/wp-content\/uploads\/2024\/04\/IMG_4231_VSCO.jpeg","type":"image\/jpeg"}],"twitter_card":"summary_large_image","twitter_misc":{"Est. reading time":"1 minute"},"schema":{"@context":"https:\/\/schema.org","@graph":[{"@type":"WebPage","@id":"https:\/\/woandwe.com\/produit\/parenthese-applique-triple\/","url":"https:\/\/woandwe.com\/produit\/parenthese-applique-triple\/","name":"PARENTH\u00c8SE APPLIQUE TRIPLE - FABRIQU\u00c9 EN FRANCE - WO&amp;W\u00c9","isPartOf":{"@id":"https:\/\/woandwe.com\/#website"},"primaryImageOfPage":{"@id":"https:\/\/woandwe.com\/produit\/parenthese-applique-triple\/#primaryimage"},"image":{"@id":"https:\/\/woandwe.com\/produit\/parenthese-applique-triple\/#primaryimage"},"thumbnailUrl":"https:\/\/woandwe.com\/wp-content\/uploads\/2024\/04\/IMG_4231_VSCO.jpeg","datePublished":"2024-04-12T09:30:32+00:00","dateModified":"2024-11-20T16:28:25+00:00","description":"Parenth\u00e8se applique triple, acier patin\u00e9 noir, douilles acier ou laiton, abat-jour personnalisable. Fabriqu\u00e9 dans nos ateliers \u00e0 Villeurbanne.","breadcrumb":{"@id":"https:\/\/woandwe.com\/produit\/parenthese-applique-triple\/#breadcrumb"},"inLanguage":"en-US","potentialAction":[{"@type":"ReadAction","target":["https:\/\/woandwe.com\/produit\/parenthese-applique-triple\/"]}]},{"@type":"ImageObject","inLanguage":"en-US","@id":"https:\/\/woandwe.com\/produit\/parenthese-applique-triple\/#primaryimage","url":"https:\/\/woandwe.com\/wp-content\/uploads\/2024\/04\/IMG_4231_VSCO.jpeg","contentUrl":"https:\/\/woandwe.com\/wp-content\/uploads\/2024\/04\/IMG_4231_VSCO.jpeg","width":2345,"height":2350,"caption":"Processed with VSCO with a3 preset"},{"@type":"BreadcrumbList","@id":"https:\/\/woandwe.com\/produit\/parenthese-applique-triple\/#breadcrumb","itemListElement":[{"@type":"ListItem","position":1,"name":"Accueil","item":"https:\/\/woandwe.com\/"},{"@type":"ListItem","position":2,"name":"Boutique","item":"https:\/\/woandwe.com\/boutique\/"},{"@type":"ListItem","position":3,"name":"PARENTH\u00c8SE APPLIQUE TRIPLE"}]},{"@type":"WebSite","@id":"https:\/\/woandwe.com\/#website","url":"https:\/\/woandwe.com\/","name":"WO&amp;W\u00c9","description":"Design Wall Lamp","potentialAction":[{"@type":"SearchAction","target":{"@type":"EntryPoint","urlTemplate":"https:\/\/woandwe.com\/?s={search_term_string}"},"query-input":{"@type":"PropertyValueSpecification","valueRequired":true,"valueName":"search_term_string"}}],"inLanguage":"en-US"}]}},"_links":{"self":[{"href":"https:\/\/woandwe.com\/en\/wp-json\/wp\/v2\/product\/425","targetHints":{"allow":["GET"]}}],"collection":[{"href":"https:\/\/woandwe.com\/en\/wp-json\/wp\/v2\/product"}],"about":[{"href":"https:\/\/woandwe.com\/en\/wp-json\/wp\/v2\/types\/product"}],"wp:featuredmedia":[{"embeddable":true,"href":"https:\/\/woandwe.com\/en\/wp-json\/wp\/v2\/media\/16945"}],"wp:attachment":[{"href":"https:\/\/woandwe.com\/en\/wp-json\/wp\/v2\/media?parent=425"}],"wp:term":[{"taxonomy":"product_brand","embeddable":true,"href":"https:\/\/woandwe.com\/en\/wp-json\/wp\/v2\/product_brand?post=425"},{"taxonomy":"product_cat","embeddable":true,"href":"https:\/\/woandwe.com\/en\/wp-json\/wp\/v2\/product_cat?post=425"},{"taxonomy":"product_tag","embeddable":true,"href":"https:\/\/woandwe.com\/en\/wp-json\/wp\/v2\/product_tag?post=425"}],"curies":[{"name":"wp","href":"https:\/\/api.w.org\/{rel}","templated":true}]}}