{"id":260,"date":"2025-04-12T17:30:48","date_gmt":"2025-04-12T15:30:48","guid":{"rendered":"https:\/\/v-web.fr\/wowev2\/?post_type=product&#038;p=260"},"modified":"2026-04-10T14:25:21","modified_gmt":"2026-04-10T12:25:21","slug":"marianne-applique-double","status":"publish","type":"product","link":"https:\/\/woandwe.com\/en\/product\/marianne-double-wall-lamp\/","title":{"rendered":"MARIANNE DOUBLE WALL LAMP"},"content":{"rendered":"<p class=\"h4collec\"><span style=\"font-size: 1rem;\">2 swing arms of 105 and 75 cm max<br \/>\nBakelite switch brass socket on 360\u00b0 brass swivel<br \/>\nE27 6W LED bulb (not included)<\/span><\/p>","protected":false},"excerpt":{"rendered":"<p>2 swivel arms of 105 and 75 cm max Brass socket Bakelite switch on 360\u00b0 brass ball joint E27 6W LED bulb (not supplied)<\/p>","protected":false},"featured_media":16907,"template":"","meta":[],"product_brand":[],"product_cat":[20,45,26,101,23],"product_tag":[],"class_list":{"0":"post-260","1":"product","2":"type-product","3":"status-publish","4":"has-post-thumbnail","6":"product_cat-applique","7":"product_cat-double","8":"product_cat-grand","9":"product_cat-marianne","10":"product_cat-pivotant","11":"product_shipping_class-colis2","13":"first","14":"instock","15":"taxable","16":"shipping-taxable","17":"purchasable","18":"product-type-variable"},"yoast_head":"<!-- This site is optimized with the Yoast SEO plugin v27.4 - https:\/\/yoast.com\/product\/yoast-seo-wordpress\/ -->\n<title>MARIANNE APPLIQUE DOUBLE - FABRIQU\u00c9 EN FRANCE - WO&amp;W\u00c9<\/title>\n<meta name=\"description\" content=\"Marianne applique double, acier patin\u00e9 noir laiton, douilles acier ou laiton, abat-jour personnalisable. Fabriqu\u00e9 dans nos ateliers \u00e0 Villeurbanne.\" \/>\n<meta name=\"robots\" content=\"index, follow, max-snippet:-1, max-image-preview:large, max-video-preview:-1\" \/>\n<link rel=\"canonical\" href=\"https:\/\/woandwe.com\/en\/product\/marianne-double-wall-lamp\/\" \/>\n<meta property=\"og:locale\" content=\"en_US\" \/>\n<meta property=\"og:type\" content=\"article\" \/>\n<meta property=\"og:title\" content=\"MARIANNE APPLIQUE DOUBLE - FABRIQU\u00c9 EN FRANCE - WO&amp;W\u00c9\" \/>\n<meta property=\"og:description\" content=\"Marianne applique double, acier patin\u00e9 noir laiton, douilles acier ou laiton, abat-jour personnalisable. Fabriqu\u00e9 dans nos ateliers \u00e0 Villeurbanne.\" \/>\n<meta property=\"og:url\" content=\"https:\/\/woandwe.com\/en\/product\/marianne-double-wall-lamp\/\" \/>\n<meta property=\"og:site_name\" content=\"WO&amp;W\u00c9\" \/>\n<meta property=\"article:modified_time\" content=\"2026-04-10T12:25:21+00:00\" \/>\n<meta property=\"og:image\" content=\"https:\/\/woandwe.com\/wp-content\/uploads\/2024\/04\/IMG_4079_VSCO.jpeg\" \/>\n\t<meta property=\"og:image:width\" content=\"1200\" \/>\n\t<meta property=\"og:image:height\" content=\"1200\" \/>\n\t<meta property=\"og:image:type\" content=\"image\/jpeg\" \/>\n<meta name=\"twitter:card\" content=\"summary_large_image\" \/>\n<meta name=\"twitter:label1\" content=\"Est. reading time\" \/>\n\t<meta name=\"twitter:data1\" content=\"1 minute\" \/>\n<script type=\"application\/ld+json\" class=\"yoast-schema-graph\">{\"@context\":\"https:\\\/\\\/schema.org\",\"@graph\":[{\"@type\":\"WebPage\",\"@id\":\"https:\\\/\\\/woandwe.com\\\/produit\\\/marianne-applique-double\\\/\",\"url\":\"https:\\\/\\\/woandwe.com\\\/produit\\\/marianne-applique-double\\\/\",\"name\":\"MARIANNE APPLIQUE DOUBLE - FABRIQU\u00c9 EN FRANCE - WO&amp;W\u00c9\",\"isPartOf\":{\"@id\":\"https:\\\/\\\/woandwe.com\\\/#website\"},\"primaryImageOfPage\":{\"@id\":\"https:\\\/\\\/woandwe.com\\\/produit\\\/marianne-applique-double\\\/#primaryimage\"},\"image\":{\"@id\":\"https:\\\/\\\/woandwe.com\\\/produit\\\/marianne-applique-double\\\/#primaryimage\"},\"thumbnailUrl\":\"https:\\\/\\\/woandwe.com\\\/wp-content\\\/uploads\\\/2024\\\/04\\\/IMG_4079_VSCO.jpeg\",\"datePublished\":\"2025-04-12T15:30:48+00:00\",\"dateModified\":\"2026-04-10T12:25:21+00:00\",\"description\":\"Marianne applique double, acier patin\u00e9 noir laiton, douilles acier ou laiton, abat-jour personnalisable. Fabriqu\u00e9 dans nos ateliers \u00e0 Villeurbanne.\",\"breadcrumb\":{\"@id\":\"https:\\\/\\\/woandwe.com\\\/produit\\\/marianne-applique-double\\\/#breadcrumb\"},\"inLanguage\":\"en-US\",\"potentialAction\":[{\"@type\":\"ReadAction\",\"target\":[\"https:\\\/\\\/woandwe.com\\\/produit\\\/marianne-applique-double\\\/\"]}]},{\"@type\":\"ImageObject\",\"inLanguage\":\"en-US\",\"@id\":\"https:\\\/\\\/woandwe.com\\\/produit\\\/marianne-applique-double\\\/#primaryimage\",\"url\":\"https:\\\/\\\/woandwe.com\\\/wp-content\\\/uploads\\\/2024\\\/04\\\/IMG_4079_VSCO.jpeg\",\"contentUrl\":\"https:\\\/\\\/woandwe.com\\\/wp-content\\\/uploads\\\/2024\\\/04\\\/IMG_4079_VSCO.jpeg\",\"width\":1200,\"height\":1200,\"caption\":\"Processed with VSCO with nc preset\"},{\"@type\":\"BreadcrumbList\",\"@id\":\"https:\\\/\\\/woandwe.com\\\/produit\\\/marianne-applique-double\\\/#breadcrumb\",\"itemListElement\":[{\"@type\":\"ListItem\",\"position\":1,\"name\":\"Accueil\",\"item\":\"https:\\\/\\\/woandwe.com\\\/\"},{\"@type\":\"ListItem\",\"position\":2,\"name\":\"Boutique\",\"item\":\"https:\\\/\\\/woandwe.com\\\/boutique\\\/\"},{\"@type\":\"ListItem\",\"position\":3,\"name\":\"MARIANNE APPLIQUE DOUBLE\"}]},{\"@type\":\"WebSite\",\"@id\":\"https:\\\/\\\/woandwe.com\\\/#website\",\"url\":\"https:\\\/\\\/woandwe.com\\\/\",\"name\":\"WO&amp;W\u00c9\",\"description\":\"Design Wall Lamp\",\"potentialAction\":[{\"@type\":\"SearchAction\",\"target\":{\"@type\":\"EntryPoint\",\"urlTemplate\":\"https:\\\/\\\/woandwe.com\\\/?s={search_term_string}\"},\"query-input\":{\"@type\":\"PropertyValueSpecification\",\"valueRequired\":true,\"valueName\":\"search_term_string\"}}],\"inLanguage\":\"en-US\"}]}<\/script>\n<!-- \/ Yoast SEO plugin. -->","yoast_head_json":{"title":"MARIANNE APPLIQUE DOUBLE - FABRIQU\u00c9 EN FRANCE - WO&amp;W\u00c9","description":"Marianne applique double, acier patin\u00e9 noir laiton, douilles acier ou laiton, abat-jour personnalisable. Fabriqu\u00e9 dans nos ateliers \u00e0 Villeurbanne.","robots":{"index":"index","follow":"follow","max-snippet":"max-snippet:-1","max-image-preview":"max-image-preview:large","max-video-preview":"max-video-preview:-1"},"canonical":"https:\/\/woandwe.com\/en\/product\/marianne-double-wall-lamp\/","og_locale":"en_US","og_type":"article","og_title":"MARIANNE APPLIQUE DOUBLE - FABRIQU\u00c9 EN FRANCE - WO&amp;W\u00c9","og_description":"Marianne applique double, acier patin\u00e9 noir laiton, douilles acier ou laiton, abat-jour personnalisable. Fabriqu\u00e9 dans nos ateliers \u00e0 Villeurbanne.","og_url":"https:\/\/woandwe.com\/en\/product\/marianne-double-wall-lamp\/","og_site_name":"WO&amp;W\u00c9","article_modified_time":"2026-04-10T12:25:21+00:00","og_image":[{"width":1200,"height":1200,"url":"https:\/\/woandwe.com\/wp-content\/uploads\/2024\/04\/IMG_4079_VSCO.jpeg","type":"image\/jpeg"}],"twitter_card":"summary_large_image","twitter_misc":{"Est. reading time":"1 minute"},"schema":{"@context":"https:\/\/schema.org","@graph":[{"@type":"WebPage","@id":"https:\/\/woandwe.com\/produit\/marianne-applique-double\/","url":"https:\/\/woandwe.com\/produit\/marianne-applique-double\/","name":"MARIANNE APPLIQUE DOUBLE - FABRIQU\u00c9 EN FRANCE - WO&amp;W\u00c9","isPartOf":{"@id":"https:\/\/woandwe.com\/#website"},"primaryImageOfPage":{"@id":"https:\/\/woandwe.com\/produit\/marianne-applique-double\/#primaryimage"},"image":{"@id":"https:\/\/woandwe.com\/produit\/marianne-applique-double\/#primaryimage"},"thumbnailUrl":"https:\/\/woandwe.com\/wp-content\/uploads\/2024\/04\/IMG_4079_VSCO.jpeg","datePublished":"2025-04-12T15:30:48+00:00","dateModified":"2026-04-10T12:25:21+00:00","description":"Marianne applique double, acier patin\u00e9 noir laiton, douilles acier ou laiton, abat-jour personnalisable. Fabriqu\u00e9 dans nos ateliers \u00e0 Villeurbanne.","breadcrumb":{"@id":"https:\/\/woandwe.com\/produit\/marianne-applique-double\/#breadcrumb"},"inLanguage":"en-US","potentialAction":[{"@type":"ReadAction","target":["https:\/\/woandwe.com\/produit\/marianne-applique-double\/"]}]},{"@type":"ImageObject","inLanguage":"en-US","@id":"https:\/\/woandwe.com\/produit\/marianne-applique-double\/#primaryimage","url":"https:\/\/woandwe.com\/wp-content\/uploads\/2024\/04\/IMG_4079_VSCO.jpeg","contentUrl":"https:\/\/woandwe.com\/wp-content\/uploads\/2024\/04\/IMG_4079_VSCO.jpeg","width":1200,"height":1200,"caption":"Processed with VSCO with nc preset"},{"@type":"BreadcrumbList","@id":"https:\/\/woandwe.com\/produit\/marianne-applique-double\/#breadcrumb","itemListElement":[{"@type":"ListItem","position":1,"name":"Accueil","item":"https:\/\/woandwe.com\/"},{"@type":"ListItem","position":2,"name":"Boutique","item":"https:\/\/woandwe.com\/boutique\/"},{"@type":"ListItem","position":3,"name":"MARIANNE APPLIQUE DOUBLE"}]},{"@type":"WebSite","@id":"https:\/\/woandwe.com\/#website","url":"https:\/\/woandwe.com\/","name":"WO&amp;W\u00c9","description":"Design Wall Lamp","potentialAction":[{"@type":"SearchAction","target":{"@type":"EntryPoint","urlTemplate":"https:\/\/woandwe.com\/?s={search_term_string}"},"query-input":{"@type":"PropertyValueSpecification","valueRequired":true,"valueName":"search_term_string"}}],"inLanguage":"en-US"}]}},"_links":{"self":[{"href":"https:\/\/woandwe.com\/en\/wp-json\/wp\/v2\/product\/260","targetHints":{"allow":["GET"]}}],"collection":[{"href":"https:\/\/woandwe.com\/en\/wp-json\/wp\/v2\/product"}],"about":[{"href":"https:\/\/woandwe.com\/en\/wp-json\/wp\/v2\/types\/product"}],"wp:featuredmedia":[{"embeddable":true,"href":"https:\/\/woandwe.com\/en\/wp-json\/wp\/v2\/media\/16907"}],"wp:attachment":[{"href":"https:\/\/woandwe.com\/en\/wp-json\/wp\/v2\/media?parent=260"}],"wp:term":[{"taxonomy":"product_brand","embeddable":true,"href":"https:\/\/woandwe.com\/en\/wp-json\/wp\/v2\/product_brand?post=260"},{"taxonomy":"product_cat","embeddable":true,"href":"https:\/\/woandwe.com\/en\/wp-json\/wp\/v2\/product_cat?post=260"},{"taxonomy":"product_tag","embeddable":true,"href":"https:\/\/woandwe.com\/en\/wp-json\/wp\/v2\/product_tag?post=260"}],"curies":[{"name":"wp","href":"https:\/\/api.w.org\/{rel}","templated":true}]}}