{"id":193,"date":"2024-04-12T18:45:39","date_gmt":"2024-04-12T16:45:39","guid":{"rendered":"https:\/\/v-web.fr\/wowev2\/?post_type=product&#038;p=193"},"modified":"2025-05-22T11:23:56","modified_gmt":"2025-05-22T09:23:56","slug":"ajustable-plafonnier-1-bras","status":"publish","type":"product","link":"https:\/\/woandwe.com\/en\/product\/ajustable-1-arm-chandelier\/","title":{"rendered":"AJUSTABLE 1-ARM CHANDELIER"},"content":{"rendered":"<p class=\"h4collec\"><span style=\"font-size: 1rem;\">1 adjustable arm of 90 cm<br \/>\nBrass switch Bakelite socket on 220\u00b0 steel swivel<br \/>\nE27 6W LED bulb (not included)<\/span><\/p>","protected":false},"excerpt":{"rendered":"<p>1 adjustable arm of 90 cm Brass socket Bakelite switch on steel ball joint 220\u00b0 E27 6W LED bulb (not supplied)<\/p>","protected":false},"featured_media":16878,"template":"","meta":[],"product_brand":[],"product_cat":[21,107,26,15,19,46],"product_tag":[],"class_list":{"0":"post-193","1":"product","2":"type-product","3":"status-publish","4":"has-post-thumbnail","6":"product_cat-ajustable","7":"product_cat-ajustable-collection","8":"product_cat-grand","9":"product_cat-non-classe","10":"product_cat-plafonnier","11":"product_cat-simple","12":"product_shipping_class-colis2","14":"first","15":"instock","16":"taxable","17":"shipping-taxable","18":"purchasable","19":"product-type-variable"},"yoast_head":"<!-- This site is optimized with the Yoast SEO plugin v27.3 - https:\/\/yoast.com\/product\/yoast-seo-wordpress\/ -->\n<title>AJUSTABLE PLAFONNIER 1 BRAS - FABRIQU\u00c9 EN FRANCE - WO&amp;W\u00c9<\/title>\n<meta name=\"description\" content=\"Ajustable plafonnier 1 bras, acier patin\u00e9 noir, douilles acier ou laiton, abat-jour personnalisable. Fabriqu\u00e9 dans nos ateliers \u00e0 Villeurbanne.\" \/>\n<meta name=\"robots\" content=\"index, follow, max-snippet:-1, max-image-preview:large, max-video-preview:-1\" \/>\n<link rel=\"canonical\" href=\"https:\/\/woandwe.com\/en\/product\/ajustable-1-arm-chandelier\/\" \/>\n<meta property=\"og:locale\" content=\"en_US\" \/>\n<meta property=\"og:type\" content=\"article\" \/>\n<meta property=\"og:title\" content=\"AJUSTABLE PLAFONNIER 1 BRAS - FABRIQU\u00c9 EN FRANCE - WO&amp;W\u00c9\" \/>\n<meta property=\"og:description\" content=\"Ajustable plafonnier 1 bras, acier patin\u00e9 noir, douilles acier ou laiton, abat-jour personnalisable. Fabriqu\u00e9 dans nos ateliers \u00e0 Villeurbanne.\" \/>\n<meta property=\"og:url\" content=\"https:\/\/woandwe.com\/en\/product\/ajustable-1-arm-chandelier\/\" \/>\n<meta property=\"og:site_name\" content=\"WO&amp;W\u00c9\" \/>\n<meta property=\"article:modified_time\" content=\"2025-05-22T09:23:56+00:00\" \/>\n<meta property=\"og:image\" content=\"https:\/\/woandwe.com\/wp-content\/uploads\/2024\/04\/FullSizeRender_VSCO-1-scaled.jpeg\" \/>\n\t<meta property=\"og:image:width\" content=\"2560\" \/>\n\t<meta property=\"og:image:height\" content=\"2560\" \/>\n\t<meta property=\"og:image:type\" content=\"image\/jpeg\" \/>\n<meta name=\"twitter:card\" content=\"summary_large_image\" \/>\n<meta name=\"twitter:label1\" content=\"Est. reading time\" \/>\n\t<meta name=\"twitter:data1\" content=\"1 minute\" \/>\n<script type=\"application\/ld+json\" class=\"yoast-schema-graph\">{\"@context\":\"https:\\\/\\\/schema.org\",\"@graph\":[{\"@type\":\"WebPage\",\"@id\":\"https:\\\/\\\/woandwe.com\\\/produit\\\/ajustable-plafonnier-1-bras\\\/\",\"url\":\"https:\\\/\\\/woandwe.com\\\/produit\\\/ajustable-plafonnier-1-bras\\\/\",\"name\":\"AJUSTABLE PLAFONNIER 1 BRAS - FABRIQU\u00c9 EN FRANCE - WO&amp;W\u00c9\",\"isPartOf\":{\"@id\":\"https:\\\/\\\/woandwe.com\\\/#website\"},\"primaryImageOfPage\":{\"@id\":\"https:\\\/\\\/woandwe.com\\\/produit\\\/ajustable-plafonnier-1-bras\\\/#primaryimage\"},\"image\":{\"@id\":\"https:\\\/\\\/woandwe.com\\\/produit\\\/ajustable-plafonnier-1-bras\\\/#primaryimage\"},\"thumbnailUrl\":\"https:\\\/\\\/woandwe.com\\\/wp-content\\\/uploads\\\/2024\\\/04\\\/FullSizeRender_VSCO-1-scaled.jpeg\",\"datePublished\":\"2024-04-12T16:45:39+00:00\",\"dateModified\":\"2025-05-22T09:23:56+00:00\",\"description\":\"Ajustable plafonnier 1 bras, acier patin\u00e9 noir, douilles acier ou laiton, abat-jour personnalisable. Fabriqu\u00e9 dans nos ateliers \u00e0 Villeurbanne.\",\"breadcrumb\":{\"@id\":\"https:\\\/\\\/woandwe.com\\\/produit\\\/ajustable-plafonnier-1-bras\\\/#breadcrumb\"},\"inLanguage\":\"en-US\",\"potentialAction\":[{\"@type\":\"ReadAction\",\"target\":[\"https:\\\/\\\/woandwe.com\\\/produit\\\/ajustable-plafonnier-1-bras\\\/\"]}]},{\"@type\":\"ImageObject\",\"inLanguage\":\"en-US\",\"@id\":\"https:\\\/\\\/woandwe.com\\\/produit\\\/ajustable-plafonnier-1-bras\\\/#primaryimage\",\"url\":\"https:\\\/\\\/woandwe.com\\\/wp-content\\\/uploads\\\/2024\\\/04\\\/FullSizeRender_VSCO-1-scaled.jpeg\",\"contentUrl\":\"https:\\\/\\\/woandwe.com\\\/wp-content\\\/uploads\\\/2024\\\/04\\\/FullSizeRender_VSCO-1-scaled.jpeg\",\"width\":2560,\"height\":2560,\"caption\":\"Processed with VSCO with nc preset\"},{\"@type\":\"BreadcrumbList\",\"@id\":\"https:\\\/\\\/woandwe.com\\\/produit\\\/ajustable-plafonnier-1-bras\\\/#breadcrumb\",\"itemListElement\":[{\"@type\":\"ListItem\",\"position\":1,\"name\":\"Accueil\",\"item\":\"https:\\\/\\\/woandwe.com\\\/\"},{\"@type\":\"ListItem\",\"position\":2,\"name\":\"Boutique\",\"item\":\"https:\\\/\\\/woandwe.com\\\/boutique\\\/\"},{\"@type\":\"ListItem\",\"position\":3,\"name\":\"AJUSTABLE PLAFONNIER 1 BRAS\"}]},{\"@type\":\"WebSite\",\"@id\":\"https:\\\/\\\/woandwe.com\\\/#website\",\"url\":\"https:\\\/\\\/woandwe.com\\\/\",\"name\":\"WO&amp;W\u00c9\",\"description\":\"Design Wall Lamp\",\"potentialAction\":[{\"@type\":\"SearchAction\",\"target\":{\"@type\":\"EntryPoint\",\"urlTemplate\":\"https:\\\/\\\/woandwe.com\\\/?s={search_term_string}\"},\"query-input\":{\"@type\":\"PropertyValueSpecification\",\"valueRequired\":true,\"valueName\":\"search_term_string\"}}],\"inLanguage\":\"en-US\"}]}<\/script>\n<!-- \/ Yoast SEO plugin. -->","yoast_head_json":{"title":"AJUSTABLE PLAFONNIER 1 BRAS - FABRIQU\u00c9 EN FRANCE - WO&amp;W\u00c9","description":"Ajustable plafonnier 1 bras, acier patin\u00e9 noir, douilles acier ou laiton, abat-jour personnalisable. Fabriqu\u00e9 dans nos ateliers \u00e0 Villeurbanne.","robots":{"index":"index","follow":"follow","max-snippet":"max-snippet:-1","max-image-preview":"max-image-preview:large","max-video-preview":"max-video-preview:-1"},"canonical":"https:\/\/woandwe.com\/en\/product\/ajustable-1-arm-chandelier\/","og_locale":"en_US","og_type":"article","og_title":"AJUSTABLE PLAFONNIER 1 BRAS - FABRIQU\u00c9 EN FRANCE - WO&amp;W\u00c9","og_description":"Ajustable plafonnier 1 bras, acier patin\u00e9 noir, douilles acier ou laiton, abat-jour personnalisable. Fabriqu\u00e9 dans nos ateliers \u00e0 Villeurbanne.","og_url":"https:\/\/woandwe.com\/en\/product\/ajustable-1-arm-chandelier\/","og_site_name":"WO&amp;W\u00c9","article_modified_time":"2025-05-22T09:23:56+00:00","og_image":[{"width":2560,"height":2560,"url":"https:\/\/woandwe.com\/wp-content\/uploads\/2024\/04\/FullSizeRender_VSCO-1-scaled.jpeg","type":"image\/jpeg"}],"twitter_card":"summary_large_image","twitter_misc":{"Est. reading time":"1 minute"},"schema":{"@context":"https:\/\/schema.org","@graph":[{"@type":"WebPage","@id":"https:\/\/woandwe.com\/produit\/ajustable-plafonnier-1-bras\/","url":"https:\/\/woandwe.com\/produit\/ajustable-plafonnier-1-bras\/","name":"AJUSTABLE PLAFONNIER 1 BRAS - FABRIQU\u00c9 EN FRANCE - WO&amp;W\u00c9","isPartOf":{"@id":"https:\/\/woandwe.com\/#website"},"primaryImageOfPage":{"@id":"https:\/\/woandwe.com\/produit\/ajustable-plafonnier-1-bras\/#primaryimage"},"image":{"@id":"https:\/\/woandwe.com\/produit\/ajustable-plafonnier-1-bras\/#primaryimage"},"thumbnailUrl":"https:\/\/woandwe.com\/wp-content\/uploads\/2024\/04\/FullSizeRender_VSCO-1-scaled.jpeg","datePublished":"2024-04-12T16:45:39+00:00","dateModified":"2025-05-22T09:23:56+00:00","description":"Ajustable plafonnier 1 bras, acier patin\u00e9 noir, douilles acier ou laiton, abat-jour personnalisable. Fabriqu\u00e9 dans nos ateliers \u00e0 Villeurbanne.","breadcrumb":{"@id":"https:\/\/woandwe.com\/produit\/ajustable-plafonnier-1-bras\/#breadcrumb"},"inLanguage":"en-US","potentialAction":[{"@type":"ReadAction","target":["https:\/\/woandwe.com\/produit\/ajustable-plafonnier-1-bras\/"]}]},{"@type":"ImageObject","inLanguage":"en-US","@id":"https:\/\/woandwe.com\/produit\/ajustable-plafonnier-1-bras\/#primaryimage","url":"https:\/\/woandwe.com\/wp-content\/uploads\/2024\/04\/FullSizeRender_VSCO-1-scaled.jpeg","contentUrl":"https:\/\/woandwe.com\/wp-content\/uploads\/2024\/04\/FullSizeRender_VSCO-1-scaled.jpeg","width":2560,"height":2560,"caption":"Processed with VSCO with nc preset"},{"@type":"BreadcrumbList","@id":"https:\/\/woandwe.com\/produit\/ajustable-plafonnier-1-bras\/#breadcrumb","itemListElement":[{"@type":"ListItem","position":1,"name":"Accueil","item":"https:\/\/woandwe.com\/"},{"@type":"ListItem","position":2,"name":"Boutique","item":"https:\/\/woandwe.com\/boutique\/"},{"@type":"ListItem","position":3,"name":"AJUSTABLE PLAFONNIER 1 BRAS"}]},{"@type":"WebSite","@id":"https:\/\/woandwe.com\/#website","url":"https:\/\/woandwe.com\/","name":"WO&amp;W\u00c9","description":"Design Wall Lamp","potentialAction":[{"@type":"SearchAction","target":{"@type":"EntryPoint","urlTemplate":"https:\/\/woandwe.com\/?s={search_term_string}"},"query-input":{"@type":"PropertyValueSpecification","valueRequired":true,"valueName":"search_term_string"}}],"inLanguage":"en-US"}]}},"_links":{"self":[{"href":"https:\/\/woandwe.com\/en\/wp-json\/wp\/v2\/product\/193","targetHints":{"allow":["GET"]}}],"collection":[{"href":"https:\/\/woandwe.com\/en\/wp-json\/wp\/v2\/product"}],"about":[{"href":"https:\/\/woandwe.com\/en\/wp-json\/wp\/v2\/types\/product"}],"wp:featuredmedia":[{"embeddable":true,"href":"https:\/\/woandwe.com\/en\/wp-json\/wp\/v2\/media\/16878"}],"wp:attachment":[{"href":"https:\/\/woandwe.com\/en\/wp-json\/wp\/v2\/media?parent=193"}],"wp:term":[{"taxonomy":"product_brand","embeddable":true,"href":"https:\/\/woandwe.com\/en\/wp-json\/wp\/v2\/product_brand?post=193"},{"taxonomy":"product_cat","embeddable":true,"href":"https:\/\/woandwe.com\/en\/wp-json\/wp\/v2\/product_cat?post=193"},{"taxonomy":"product_tag","embeddable":true,"href":"https:\/\/woandwe.com\/en\/wp-json\/wp\/v2\/product_tag?post=193"}],"curies":[{"name":"wp","href":"https:\/\/api.w.org\/{rel}","templated":true}]}}