{"id":12453,"date":"2024-04-12T10:00:26","date_gmt":"2024-04-12T08:00:26","guid":{"rendered":"https:\/\/v-web.fr\/wowev2\/?post_type=product&#038;p=12453"},"modified":"2024-11-21T08:00:22","modified_gmt":"2024-11-21T07:00:22","slug":"diabolo-applique-haute","status":"publish","type":"product","link":"https:\/\/woandwe.com\/en\/product\/diabolo-high-wall-lamp\/","title":{"rendered":"DIABOLO HIGH WALL LAMP"},"content":{"rendered":"<p class=\"h4collec\"><span style=\"font-size: 1rem;\">1 black patinated steel swivel arm of 32.5 max<br \/>\n2 brass sockets Bakelite switches<br \/>\nE27 6W LED bulb (not included)<\/span><\/p>","protected":false},"excerpt":{"rendered":"<p>1 black patinated steel swivel arm of 32.5 max 2 brass sockets Bakelite switches E27 6W LED bulb (not supplied)<\/p>","protected":false},"featured_media":16951,"template":"","meta":[],"product_brand":[],"product_cat":[20,103,45,26,23,46],"product_tag":[],"class_list":{"0":"post-12453","1":"product","2":"type-product","3":"status-publish","4":"has-post-thumbnail","6":"product_cat-applique","7":"product_cat-diabolo","8":"product_cat-double","9":"product_cat-grand","10":"product_cat-pivotant","11":"product_cat-simple","12":"product_shipping_class-colis2","14":"first","15":"instock","16":"taxable","17":"shipping-taxable","18":"purchasable","19":"product-type-variable"},"yoast_head":"<!-- This site is optimized with the Yoast SEO plugin v27.4 - https:\/\/yoast.com\/product\/yoast-seo-wordpress\/ -->\n<title>DIABOLO APPLIQUE HAUTE - FABRIQU\u00c9 EN FRANCE - WO&amp;W\u00c9<\/title>\n<meta name=\"description\" content=\"Diabolo applique haute, acier patin\u00e9 noir, douilles acier ou laiton, abat-jour personnalisable. Fabriqu\u00e9 dans nos ateliers \u00e0 Villeurbanne.\" \/>\n<meta name=\"robots\" content=\"index, follow, max-snippet:-1, max-image-preview:large, max-video-preview:-1\" \/>\n<link rel=\"canonical\" href=\"https:\/\/woandwe.com\/en\/product\/diabolo-high-wall-lamp\/\" \/>\n<meta property=\"og:locale\" content=\"en_US\" \/>\n<meta property=\"og:type\" content=\"article\" \/>\n<meta property=\"og:title\" content=\"DIABOLO APPLIQUE HAUTE - FABRIQU\u00c9 EN FRANCE - WO&amp;W\u00c9\" \/>\n<meta property=\"og:description\" content=\"Diabolo applique haute, acier patin\u00e9 noir, douilles acier ou laiton, abat-jour personnalisable. Fabriqu\u00e9 dans nos ateliers \u00e0 Villeurbanne.\" \/>\n<meta property=\"og:url\" content=\"https:\/\/woandwe.com\/en\/product\/diabolo-high-wall-lamp\/\" \/>\n<meta property=\"og:site_name\" content=\"WO&amp;W\u00c9\" \/>\n<meta property=\"article:modified_time\" content=\"2024-11-21T07:00:22+00:00\" \/>\n<meta property=\"og:image\" content=\"https:\/\/woandwe.com\/wp-content\/uploads\/2024\/04\/IMG_4243_VSCO.jpeg\" \/>\n\t<meta property=\"og:image:width\" content=\"2463\" \/>\n\t<meta property=\"og:image:height\" content=\"2560\" \/>\n\t<meta property=\"og:image:type\" content=\"image\/jpeg\" \/>\n<meta name=\"twitter:card\" content=\"summary_large_image\" \/>\n<meta name=\"twitter:label1\" content=\"Est. reading time\" \/>\n\t<meta name=\"twitter:data1\" content=\"1 minute\" \/>\n<script type=\"application\/ld+json\" class=\"yoast-schema-graph\">{\"@context\":\"https:\\\/\\\/schema.org\",\"@graph\":[{\"@type\":\"WebPage\",\"@id\":\"https:\\\/\\\/woandwe.com\\\/produit\\\/diabolo-applique-haute\\\/\",\"url\":\"https:\\\/\\\/woandwe.com\\\/produit\\\/diabolo-applique-haute\\\/\",\"name\":\"DIABOLO APPLIQUE HAUTE - FABRIQU\u00c9 EN FRANCE - WO&amp;W\u00c9\",\"isPartOf\":{\"@id\":\"https:\\\/\\\/woandwe.com\\\/#website\"},\"primaryImageOfPage\":{\"@id\":\"https:\\\/\\\/woandwe.com\\\/produit\\\/diabolo-applique-haute\\\/#primaryimage\"},\"image\":{\"@id\":\"https:\\\/\\\/woandwe.com\\\/produit\\\/diabolo-applique-haute\\\/#primaryimage\"},\"thumbnailUrl\":\"https:\\\/\\\/woandwe.com\\\/wp-content\\\/uploads\\\/2024\\\/04\\\/IMG_4243_VSCO.jpeg\",\"datePublished\":\"2024-04-12T08:00:26+00:00\",\"dateModified\":\"2024-11-21T07:00:22+00:00\",\"description\":\"Diabolo applique haute, acier patin\u00e9 noir, douilles acier ou laiton, abat-jour personnalisable. Fabriqu\u00e9 dans nos ateliers \u00e0 Villeurbanne.\",\"breadcrumb\":{\"@id\":\"https:\\\/\\\/woandwe.com\\\/produit\\\/diabolo-applique-haute\\\/#breadcrumb\"},\"inLanguage\":\"en-US\",\"potentialAction\":[{\"@type\":\"ReadAction\",\"target\":[\"https:\\\/\\\/woandwe.com\\\/produit\\\/diabolo-applique-haute\\\/\"]}]},{\"@type\":\"ImageObject\",\"inLanguage\":\"en-US\",\"@id\":\"https:\\\/\\\/woandwe.com\\\/produit\\\/diabolo-applique-haute\\\/#primaryimage\",\"url\":\"https:\\\/\\\/woandwe.com\\\/wp-content\\\/uploads\\\/2024\\\/04\\\/IMG_4243_VSCO.jpeg\",\"contentUrl\":\"https:\\\/\\\/woandwe.com\\\/wp-content\\\/uploads\\\/2024\\\/04\\\/IMG_4243_VSCO.jpeg\",\"width\":2463,\"height\":2560,\"caption\":\"Processed with VSCO with a3 preset\"},{\"@type\":\"BreadcrumbList\",\"@id\":\"https:\\\/\\\/woandwe.com\\\/produit\\\/diabolo-applique-haute\\\/#breadcrumb\",\"itemListElement\":[{\"@type\":\"ListItem\",\"position\":1,\"name\":\"Accueil\",\"item\":\"https:\\\/\\\/woandwe.com\\\/\"},{\"@type\":\"ListItem\",\"position\":2,\"name\":\"Boutique\",\"item\":\"https:\\\/\\\/woandwe.com\\\/boutique\\\/\"},{\"@type\":\"ListItem\",\"position\":3,\"name\":\"DIABOLO APPLIQUE HAUTE\"}]},{\"@type\":\"WebSite\",\"@id\":\"https:\\\/\\\/woandwe.com\\\/#website\",\"url\":\"https:\\\/\\\/woandwe.com\\\/\",\"name\":\"WO&amp;W\u00c9\",\"description\":\"Design Wall Lamp\",\"potentialAction\":[{\"@type\":\"SearchAction\",\"target\":{\"@type\":\"EntryPoint\",\"urlTemplate\":\"https:\\\/\\\/woandwe.com\\\/?s={search_term_string}\"},\"query-input\":{\"@type\":\"PropertyValueSpecification\",\"valueRequired\":true,\"valueName\":\"search_term_string\"}}],\"inLanguage\":\"en-US\"}]}<\/script>\n<!-- \/ Yoast SEO plugin. -->","yoast_head_json":{"title":"DIABOLO APPLIQUE HAUTE - FABRIQU\u00c9 EN FRANCE - WO&amp;W\u00c9","description":"Diabolo applique haute, acier patin\u00e9 noir, douilles acier ou laiton, abat-jour personnalisable. Fabriqu\u00e9 dans nos ateliers \u00e0 Villeurbanne.","robots":{"index":"index","follow":"follow","max-snippet":"max-snippet:-1","max-image-preview":"max-image-preview:large","max-video-preview":"max-video-preview:-1"},"canonical":"https:\/\/woandwe.com\/en\/product\/diabolo-high-wall-lamp\/","og_locale":"en_US","og_type":"article","og_title":"DIABOLO APPLIQUE HAUTE - FABRIQU\u00c9 EN FRANCE - WO&amp;W\u00c9","og_description":"Diabolo applique haute, acier patin\u00e9 noir, douilles acier ou laiton, abat-jour personnalisable. Fabriqu\u00e9 dans nos ateliers \u00e0 Villeurbanne.","og_url":"https:\/\/woandwe.com\/en\/product\/diabolo-high-wall-lamp\/","og_site_name":"WO&amp;W\u00c9","article_modified_time":"2024-11-21T07:00:22+00:00","og_image":[{"width":2463,"height":2560,"url":"https:\/\/woandwe.com\/wp-content\/uploads\/2024\/04\/IMG_4243_VSCO.jpeg","type":"image\/jpeg"}],"twitter_card":"summary_large_image","twitter_misc":{"Est. reading time":"1 minute"},"schema":{"@context":"https:\/\/schema.org","@graph":[{"@type":"WebPage","@id":"https:\/\/woandwe.com\/produit\/diabolo-applique-haute\/","url":"https:\/\/woandwe.com\/produit\/diabolo-applique-haute\/","name":"DIABOLO APPLIQUE HAUTE - FABRIQU\u00c9 EN FRANCE - WO&amp;W\u00c9","isPartOf":{"@id":"https:\/\/woandwe.com\/#website"},"primaryImageOfPage":{"@id":"https:\/\/woandwe.com\/produit\/diabolo-applique-haute\/#primaryimage"},"image":{"@id":"https:\/\/woandwe.com\/produit\/diabolo-applique-haute\/#primaryimage"},"thumbnailUrl":"https:\/\/woandwe.com\/wp-content\/uploads\/2024\/04\/IMG_4243_VSCO.jpeg","datePublished":"2024-04-12T08:00:26+00:00","dateModified":"2024-11-21T07:00:22+00:00","description":"Diabolo applique haute, acier patin\u00e9 noir, douilles acier ou laiton, abat-jour personnalisable. Fabriqu\u00e9 dans nos ateliers \u00e0 Villeurbanne.","breadcrumb":{"@id":"https:\/\/woandwe.com\/produit\/diabolo-applique-haute\/#breadcrumb"},"inLanguage":"en-US","potentialAction":[{"@type":"ReadAction","target":["https:\/\/woandwe.com\/produit\/diabolo-applique-haute\/"]}]},{"@type":"ImageObject","inLanguage":"en-US","@id":"https:\/\/woandwe.com\/produit\/diabolo-applique-haute\/#primaryimage","url":"https:\/\/woandwe.com\/wp-content\/uploads\/2024\/04\/IMG_4243_VSCO.jpeg","contentUrl":"https:\/\/woandwe.com\/wp-content\/uploads\/2024\/04\/IMG_4243_VSCO.jpeg","width":2463,"height":2560,"caption":"Processed with VSCO with a3 preset"},{"@type":"BreadcrumbList","@id":"https:\/\/woandwe.com\/produit\/diabolo-applique-haute\/#breadcrumb","itemListElement":[{"@type":"ListItem","position":1,"name":"Accueil","item":"https:\/\/woandwe.com\/"},{"@type":"ListItem","position":2,"name":"Boutique","item":"https:\/\/woandwe.com\/boutique\/"},{"@type":"ListItem","position":3,"name":"DIABOLO APPLIQUE HAUTE"}]},{"@type":"WebSite","@id":"https:\/\/woandwe.com\/#website","url":"https:\/\/woandwe.com\/","name":"WO&amp;W\u00c9","description":"Design Wall Lamp","potentialAction":[{"@type":"SearchAction","target":{"@type":"EntryPoint","urlTemplate":"https:\/\/woandwe.com\/?s={search_term_string}"},"query-input":{"@type":"PropertyValueSpecification","valueRequired":true,"valueName":"search_term_string"}}],"inLanguage":"en-US"}]}},"_links":{"self":[{"href":"https:\/\/woandwe.com\/en\/wp-json\/wp\/v2\/product\/12453","targetHints":{"allow":["GET"]}}],"collection":[{"href":"https:\/\/woandwe.com\/en\/wp-json\/wp\/v2\/product"}],"about":[{"href":"https:\/\/woandwe.com\/en\/wp-json\/wp\/v2\/types\/product"}],"wp:featuredmedia":[{"embeddable":true,"href":"https:\/\/woandwe.com\/en\/wp-json\/wp\/v2\/media\/16951"}],"wp:attachment":[{"href":"https:\/\/woandwe.com\/en\/wp-json\/wp\/v2\/media?parent=12453"}],"wp:term":[{"taxonomy":"product_brand","embeddable":true,"href":"https:\/\/woandwe.com\/en\/wp-json\/wp\/v2\/product_brand?post=12453"},{"taxonomy":"product_cat","embeddable":true,"href":"https:\/\/woandwe.com\/en\/wp-json\/wp\/v2\/product_cat?post=12453"},{"taxonomy":"product_tag","embeddable":true,"href":"https:\/\/woandwe.com\/en\/wp-json\/wp\/v2\/product_tag?post=12453"}],"curies":[{"name":"wp","href":"https:\/\/api.w.org\/{rel}","templated":true}]}}