{"id":8135,"date":"2024-05-03T23:48:13","date_gmt":"2024-05-03T21:48:13","guid":{"rendered":"https:\/\/v-web.fr\/wowev2\/?page_id=8135"},"modified":"2024-10-28T08:50:43","modified_gmt":"2024-10-28T07:50:43","slug":"livraison","status":"publish","type":"page","link":"https:\/\/woandwe.com\/en\/delivery\/","title":{"rendered":"Delivery"},"content":{"rendered":"<div data-elementor-type=\"wp-page\" data-elementor-id=\"8135\" class=\"elementor elementor-8135\" data-elementor-post-type=\"page\">\n\t\t\t\t<div class=\"elementor-element elementor-element-679a98b2 e-flex e-con-boxed e-con e-parent\" data-id=\"679a98b2\" data-element_type=\"container\" data-e-type=\"container\">\n\t\t\t\t\t<div class=\"e-con-inner\">\n\t\t\t\t<div class=\"elementor-element elementor-element-64db0ec9 elementor-widget elementor-widget-text-editor\" data-id=\"64db0ec9\" data-element_type=\"widget\" data-e-type=\"widget\" data-widget_type=\"text-editor.default\">\n\t\t\t\t<div class=\"elementor-widget-container\">\n\t\t\t\t\t\t\t\t\t\n<p>At WO&amp;W\u00c9, we want to offer you the best possible shopping experience, including the delivery of your lighting fixtures.<\/p>\n<p>\u00a0<\/p>\n\n<ul class=\"wp-block-list\">\n<li><strong>Delivery in Metropolitan France<\/strong> : Shipping is free on all orders.<\/li>\n\n<li><strong>International Shipping<\/strong> : For deliveries outside Metropolitan France, shipping costs are calculated automatically and displayed when you confirm your order.<\/li>\n\n<li><strong>Bulky orders<\/strong> : For orders including 6 or more lights, it is not possible to finalize your purchase directly online. We invite you to contact us <a href=\"mailto:contact@woandwe.com\">contact<\/a> in order to receive a personalized quote for delivery tailored to your needs.<\/li>\n<\/ul>\n<p>\u00a0<\/p>\n\n<p>If you have any questions or specific requests, please do not hesitate to contact us. <a href=\"mailto:contact@woandwe.com\">contact<\/a>, we will be delighted to assist you!<\/p>\n\t\t\t\t\t\t\t\t<\/div>\n\t\t\t\t<\/div>\n\t\t\t\t\t<\/div>\n\t\t\t\t<\/div>\n\t\t\t\t<\/div>","protected":false},"excerpt":{"rendered":"<p>At WO&amp;W\u00c9, we want to offer you the best possible shopping experience, including the delivery of your lighting fixtures. If you have any questions or specific requests, do not hesitate to contact us, we will be happy to assist you!<\/p>","protected":false},"author":1,"featured_media":0,"parent":0,"menu_order":0,"comment_status":"closed","ping_status":"closed","template":"","meta":{"footnotes":""},"class_list":["post-8135","page","type-page","status-publish","hentry"],"yoast_head":"<!-- This site is optimized with the Yoast SEO plugin v27.4 - https:\/\/yoast.com\/product\/yoast-seo-wordpress\/ -->\n<title>Livraison - WO&amp;W\u00c9<\/title>\n<meta name=\"robots\" content=\"index, follow, max-snippet:-1, max-image-preview:large, max-video-preview:-1\" \/>\n<link rel=\"canonical\" href=\"https:\/\/woandwe.com\/en\/delivery\/\" \/>\n<meta property=\"og:locale\" content=\"en_US\" \/>\n<meta property=\"og:type\" content=\"article\" \/>\n<meta property=\"og:title\" content=\"Livraison - WO&amp;W\u00c9\" \/>\n<meta property=\"og:description\" content=\"Chez WO&amp;W\u00c9, nous souhaitons vous offrir la meilleure exp\u00e9rience d&rsquo;achat possible, y compris pour la livraison de vos luminaires. \u00a0 Si vous avez des questions ou des demandes sp\u00e9cifiques, n&rsquo;h\u00e9sitez pas \u00e0 nous contacter, nous serons ravis de vous accompagner !\" \/>\n<meta property=\"og:url\" content=\"https:\/\/woandwe.com\/en\/delivery\/\" \/>\n<meta property=\"og:site_name\" content=\"WO&amp;W\u00c9\" \/>\n<meta property=\"article:modified_time\" content=\"2024-10-28T07:50:43+00:00\" \/>\n<meta name=\"twitter:card\" content=\"summary_large_image\" \/>\n<meta name=\"twitter:label1\" content=\"Est. reading time\" \/>\n\t<meta name=\"twitter:data1\" content=\"1 minute\" \/>\n<script type=\"application\/ld+json\" class=\"yoast-schema-graph\">{\"@context\":\"https:\\\/\\\/schema.org\",\"@graph\":[{\"@type\":\"WebPage\",\"@id\":\"https:\\\/\\\/woandwe.com\\\/livraison\\\/\",\"url\":\"https:\\\/\\\/woandwe.com\\\/livraison\\\/\",\"name\":\"Livraison - WO&amp;W\u00c9\",\"isPartOf\":{\"@id\":\"https:\\\/\\\/woandwe.com\\\/#website\"},\"datePublished\":\"2024-05-03T21:48:13+00:00\",\"dateModified\":\"2024-10-28T07:50:43+00:00\",\"breadcrumb\":{\"@id\":\"https:\\\/\\\/woandwe.com\\\/livraison\\\/#breadcrumb\"},\"inLanguage\":\"en-US\",\"potentialAction\":[{\"@type\":\"ReadAction\",\"target\":[\"https:\\\/\\\/woandwe.com\\\/livraison\\\/\"]}]},{\"@type\":\"BreadcrumbList\",\"@id\":\"https:\\\/\\\/woandwe.com\\\/livraison\\\/#breadcrumb\",\"itemListElement\":[{\"@type\":\"ListItem\",\"position\":1,\"name\":\"Accueil\",\"item\":\"https:\\\/\\\/woandwe.com\\\/\"},{\"@type\":\"ListItem\",\"position\":2,\"name\":\"Livraison\"}]},{\"@type\":\"WebSite\",\"@id\":\"https:\\\/\\\/woandwe.com\\\/#website\",\"url\":\"https:\\\/\\\/woandwe.com\\\/\",\"name\":\"WO&amp;W\u00c9\",\"description\":\"Design Wall Lamp\",\"potentialAction\":[{\"@type\":\"SearchAction\",\"target\":{\"@type\":\"EntryPoint\",\"urlTemplate\":\"https:\\\/\\\/woandwe.com\\\/?s={search_term_string}\"},\"query-input\":{\"@type\":\"PropertyValueSpecification\",\"valueRequired\":true,\"valueName\":\"search_term_string\"}}],\"inLanguage\":\"en-US\"}]}<\/script>\n<!-- \/ Yoast SEO plugin. -->","yoast_head_json":{"title":"Livraison - WO&amp;W\u00c9","robots":{"index":"index","follow":"follow","max-snippet":"max-snippet:-1","max-image-preview":"max-image-preview:large","max-video-preview":"max-video-preview:-1"},"canonical":"https:\/\/woandwe.com\/en\/delivery\/","og_locale":"en_US","og_type":"article","og_title":"Livraison - WO&amp;W\u00c9","og_description":"Chez WO&amp;W\u00c9, nous souhaitons vous offrir la meilleure exp\u00e9rience d&rsquo;achat possible, y compris pour la livraison de vos luminaires. \u00a0 Si vous avez des questions ou des demandes sp\u00e9cifiques, n&rsquo;h\u00e9sitez pas \u00e0 nous contacter, nous serons ravis de vous accompagner !","og_url":"https:\/\/woandwe.com\/en\/delivery\/","og_site_name":"WO&amp;W\u00c9","article_modified_time":"2024-10-28T07:50:43+00:00","twitter_card":"summary_large_image","twitter_misc":{"Est. reading time":"1 minute"},"schema":{"@context":"https:\/\/schema.org","@graph":[{"@type":"WebPage","@id":"https:\/\/woandwe.com\/livraison\/","url":"https:\/\/woandwe.com\/livraison\/","name":"Livraison - WO&amp;W\u00c9","isPartOf":{"@id":"https:\/\/woandwe.com\/#website"},"datePublished":"2024-05-03T21:48:13+00:00","dateModified":"2024-10-28T07:50:43+00:00","breadcrumb":{"@id":"https:\/\/woandwe.com\/livraison\/#breadcrumb"},"inLanguage":"en-US","potentialAction":[{"@type":"ReadAction","target":["https:\/\/woandwe.com\/livraison\/"]}]},{"@type":"BreadcrumbList","@id":"https:\/\/woandwe.com\/livraison\/#breadcrumb","itemListElement":[{"@type":"ListItem","position":1,"name":"Accueil","item":"https:\/\/woandwe.com\/"},{"@type":"ListItem","position":2,"name":"Livraison"}]},{"@type":"WebSite","@id":"https:\/\/woandwe.com\/#website","url":"https:\/\/woandwe.com\/","name":"WO&amp;W\u00c9","description":"Design Wall Lamp","potentialAction":[{"@type":"SearchAction","target":{"@type":"EntryPoint","urlTemplate":"https:\/\/woandwe.com\/?s={search_term_string}"},"query-input":{"@type":"PropertyValueSpecification","valueRequired":true,"valueName":"search_term_string"}}],"inLanguage":"en-US"}]}},"_links":{"self":[{"href":"https:\/\/woandwe.com\/en\/wp-json\/wp\/v2\/pages\/8135","targetHints":{"allow":["GET"]}}],"collection":[{"href":"https:\/\/woandwe.com\/en\/wp-json\/wp\/v2\/pages"}],"about":[{"href":"https:\/\/woandwe.com\/en\/wp-json\/wp\/v2\/types\/page"}],"author":[{"embeddable":true,"href":"https:\/\/woandwe.com\/en\/wp-json\/wp\/v2\/users\/1"}],"replies":[{"embeddable":true,"href":"https:\/\/woandwe.com\/en\/wp-json\/wp\/v2\/comments?post=8135"}],"version-history":[{"count":12,"href":"https:\/\/woandwe.com\/en\/wp-json\/wp\/v2\/pages\/8135\/revisions"}],"predecessor-version":[{"id":15770,"href":"https:\/\/woandwe.com\/en\/wp-json\/wp\/v2\/pages\/8135\/revisions\/15770"}],"wp:attachment":[{"href":"https:\/\/woandwe.com\/en\/wp-json\/wp\/v2\/media?parent=8135"}],"curies":[{"name":"wp","href":"https:\/\/api.w.org\/{rel}","templated":true}]}}